{"id":30,"date":"2023-07-10T09:26:17","date_gmt":"2023-07-10T06:26:17","guid":{"rendered":"https:\/\/www.demir-servis.com\/?page_id=30"},"modified":"2025-08-16T15:51:22","modified_gmt":"2025-08-16T12:51:22","slug":"iletisim","status":"publish","type":"page","link":"https:\/\/www.demir-servis.com\/?page_id=30","title":{"rendered":"\u0130leti\u015fim"},"content":{"rendered":"<p><strong>Adres Bilgilerimiz<\/strong><\/p>\n<p><strong>Her t\u00fcrl\u00fc g\u00f6r\u00fc\u015f, \u00f6neri ve \u015fikayetinizi bize ileti\u015fim formu arac\u0131l\u0131\u011f\u0131yla bildirebilirsiniz.<\/strong><\/p>\n<p><strong>Cep: 0532 550 60 05<\/strong><\/p>\n<p><a class=\"btn btn-primary\" style=\"background-color: #25d366;\" role=\"button\" href=\"https:\/\/wa.me\/+905325506005\"><i class=\"fab fa-whatsapp\"><\/i> Whatsapp<\/a><\/p>\n<p><iframe src=\"https:\/\/www.google.com\/maps\/embed?pb=!1m17!1m8!1m3!1d191.21004264290121!2d32.90050658607741!3d39.9333211578915!3m2!1i1024!2i768!4f13.1!4m6!3e6!4m0!4m3!3m2!1d39.93315585824703!2d32.90053405216111!5e0!3m2!1str!2str!4v1755348647797!5m2!1str!2str\" width=\"600\" height=\"450\" style=\"border:0;\" allowfullscreen=\"\" loading=\"lazy\" referrerpolicy=\"no-referrer-when-downgrade\"><\/iframe><\/p>\n<p><a href=\"https:\/\/www.google.com\/maps?q=39.93316112718546,32.90041015005458\" target=\"_blank\" style=\"display:inline-block; padding:12px 20px; background:#0073e6; color:#fff; text-decoration:none; border-radius:8px; font-weight:bold;\" rel=\"noopener\"><br \/>\n   \ud83d\udccd Yol Tarifi<br \/>\n<\/a><\/p>\n","protected":false},"excerpt":{"rendered":"<p>Adres Bilgilerimiz Her t\u00fcrl\u00fc g\u00f6r\u00fc\u015f, \u00f6neri ve \u015fikayetinizi bize ileti\u015fim formu arac\u0131l\u0131\u011f\u0131yla bildirebilirsiniz. Cep: 0532 550 60 05 Whatsapp \ud83d\udccd Yol Tarifi<\/p>\n","protected":false},"author":1,"featured_media":38,"parent":0,"menu_order":0,"comment_status":"closed","ping_status":"closed","template":"","meta":{"_monsterinsights_skip_tracking":false,"_monsterinsights_sitenote_active":false,"_monsterinsights_sitenote_note":"","_monsterinsights_sitenote_category":0},"aioseo_notices":[],"acf":[],"_links":{"self":[{"href":"https:\/\/www.demir-servis.com\/index.php?rest_route=\/wp\/v2\/pages\/30"}],"collection":[{"href":"https:\/\/www.demir-servis.com\/index.php?rest_route=\/wp\/v2\/pages"}],"about":[{"href":"https:\/\/www.demir-servis.com\/index.php?rest_route=\/wp\/v2\/types\/page"}],"author":[{"embeddable":true,"href":"https:\/\/www.demir-servis.com\/index.php?rest_route=\/wp\/v2\/users\/1"}],"replies":[{"embeddable":true,"href":"https:\/\/www.demir-servis.com\/index.php?rest_route=%2Fwp%2Fv2%2Fcomments&post=30"}],"version-history":[{"count":17,"href":"https:\/\/www.demir-servis.com\/index.php?rest_route=\/wp\/v2\/pages\/30\/revisions"}],"predecessor-version":[{"id":121,"href":"https:\/\/www.demir-servis.com\/index.php?rest_route=\/wp\/v2\/pages\/30\/revisions\/121"}],"wp:featuredmedia":[{"embeddable":true,"href":"https:\/\/www.demir-servis.com\/index.php?rest_route=\/wp\/v2\/media\/38"}],"wp:attachment":[{"href":"https:\/\/www.demir-servis.com\/index.php?rest_route=%2Fwp%2Fv2%2Fmedia&parent=30"}],"curies":[{"name":"wp","href":"https:\/\/api.w.org\/{rel}","templated":true}]}}