{"id":26,"date":"2023-07-10T09:24:36","date_gmt":"2023-07-10T06:24:36","guid":{"rendered":"https:\/\/www.demir-servis.com\/?page_id=26"},"modified":"2024-12-20T12:37:39","modified_gmt":"2024-12-20T09:37:39","slug":"hakkimizda","status":"publish","type":"page","link":"https:\/\/www.demir-servis.com\/?page_id=26","title":{"rendered":"Hakk\u0131m\u0131zda"},"content":{"rendered":"<p><strong>Teknik Servisimiz, y\u0131llara dayanan tecr\u00fcbesiyle siz de\u011ferli m\u00fc\u015fterilerimize hizmet vermektedir. %100 Mutlu m\u00fc\u015fteri politikas\u0131n\u0131 benimsemi\u015f olmam\u0131z bizi di\u011fer teknik servislerinden ay\u0131ran en b\u00fcy\u00fck \u00f6zelliktir. Servis verdi\u011fimiz her m\u00fc\u015fterimizden sitemizde yay\u0131nlanmak \u00fczere servisimiz hakk\u0131nda yorum yapmas\u0131n\u0131 isteriz, bu yorumlar\u0131 eksiksiz olarak sizlerle payla\u015fmak ise en b\u00fcy\u00fck gururumuz.<\/strong><\/p>\n<h3>Sekt\u00f6rde 2002\u2019den Beri G\u00fcvenilir Hizmet<\/h3>\n<p>2002 y\u0131l\u0131ndan bu yana beyaz e\u015fya tamir, bak\u0131m ve onar\u0131m sekt\u00f6r\u00fcnde ba\u015far\u0131yla hizmet veriyoruz. Bu s\u00fcre\u00e7te edindi\u011fimiz en de\u011ferli deneyim, m\u00fc\u015fterilerimize verdi\u011fimiz s\u00f6zleri eksiksiz yerine getirmenin ve g\u00fcven in\u015fa etmenin \u00f6nemini kavramak oldu.<\/p>\n<p>M\u00fc\u015fterilerimize her zaman do\u011fru ve a\u00e7\u0131k bilgiler sunarak, \u015feffaf bir ileti\u015fim anlay\u0131\u015f\u0131n\u0131 temel prensip edindik. Hizmet yakla\u015f\u0131m\u0131m\u0131z\u0131n merkezinde, \u00e7\u00f6z\u00fcm odakl\u0131 bir anlay\u0131\u015fla hareket etmek yer al\u0131yor. Sizlere daha iyi bir hizmet sunabilmek ad\u0131na s\u00fcrekli geli\u015fim hedefiyle \u00e7al\u0131\u015f\u0131yor, de\u011ferli geri bildirimlerinizle hizmet kalitemizi her ge\u00e7en g\u00fcn daha da ileriye ta\u015f\u0131yoruz.<\/p>\n<p>M\u00fc\u015fteri memnuniyeti odakl\u0131 yakla\u015f\u0131m\u0131m\u0131z sayesinde, g\u00fcvenilir ve profesyonel bir hizmet anlay\u0131\u015f\u0131n\u0131 ilke edinerek sekt\u00f6r\u00fcm\u00fczde fark yarat\u0131yoruz.<\/p>\n<p><strong>Demir Grup olarak sundu\u011fumuz ayr\u0131cal\u0131klar:<\/strong><\/p>\n<ul>\n<li><strong>Mutlu M\u00fc\u015fteriler:<\/strong> Memnuniyetiniz, en b\u00fcy\u00fck \u00f6nceli\u011fimiz.<\/li>\n<li><strong>Tecr\u00fcbeli Ustalar:<\/strong> Alan\u0131nda uzman ve deneyimli teknik kadro.<\/li>\n<li><strong>Memnuniyet Garantisi:<\/strong> \u0130\u015f\u00e7ilik ve yedek par\u00e7ada g\u00fcvence.<\/li>\n<li><strong>S\u00fcrekli Hizmet:<\/strong> \u0130htiyac\u0131n\u0131z oldu\u011funda hep yan\u0131n\u0131zday\u0131z.<\/li>\n<\/ul>\n<p>Hizmette m\u00fckemmeliyeti arayanlar i\u00e7in do\u011fru adres&#8230;<\/p>\n","protected":false},"excerpt":{"rendered":"<p>Teknik Servisimiz, y\u0131llara dayanan tecr\u00fcbesiyle siz de\u011ferli m\u00fc\u015fterilerimize hizmet vermektedir. %100 Mutlu m\u00fc\u015fteri politikas\u0131n\u0131 benimsemi\u015f olmam\u0131z bizi di\u011fer teknik servislerinden ay\u0131ran en b\u00fcy\u00fck \u00f6zelliktir. Servis verdi\u011fimiz her m\u00fc\u015fterimizden sitemizde yay\u0131nlanmak \u00fczere servisimiz hakk\u0131nda yorum yapmas\u0131n\u0131 isteriz, bu yorumlar\u0131 eksiksiz olarak sizlerle payla\u015fmak ise en b\u00fcy\u00fck gururumuz. Sekt\u00f6rde 2002\u2019den Beri G\u00fcvenilir Hizmet 2002 y\u0131l\u0131ndan bu yana [&hellip;]<\/p>\n","protected":false},"author":1,"featured_media":35,"parent":0,"menu_order":0,"comment_status":"closed","ping_status":"closed","template":"","meta":{"_monsterinsights_skip_tracking":false,"_monsterinsights_sitenote_active":false,"_monsterinsights_sitenote_note":"","_monsterinsights_sitenote_category":0},"aioseo_notices":[],"acf":[],"_links":{"self":[{"href":"https:\/\/www.demir-servis.com\/index.php?rest_route=\/wp\/v2\/pages\/26"}],"collection":[{"href":"https:\/\/www.demir-servis.com\/index.php?rest_route=\/wp\/v2\/pages"}],"about":[{"href":"https:\/\/www.demir-servis.com\/index.php?rest_route=\/wp\/v2\/types\/page"}],"author":[{"embeddable":true,"href":"https:\/\/www.demir-servis.com\/index.php?rest_route=\/wp\/v2\/users\/1"}],"replies":[{"embeddable":true,"href":"https:\/\/www.demir-servis.com\/index.php?rest_route=%2Fwp%2Fv2%2Fcomments&post=26"}],"version-history":[{"count":5,"href":"https:\/\/www.demir-servis.com\/index.php?rest_route=\/wp\/v2\/pages\/26\/revisions"}],"predecessor-version":[{"id":112,"href":"https:\/\/www.demir-servis.com\/index.php?rest_route=\/wp\/v2\/pages\/26\/revisions\/112"}],"wp:featuredmedia":[{"embeddable":true,"href":"https:\/\/www.demir-servis.com\/index.php?rest_route=\/wp\/v2\/media\/35"}],"wp:attachment":[{"href":"https:\/\/www.demir-servis.com\/index.php?rest_route=%2Fwp%2Fv2%2Fmedia&parent=26"}],"curies":[{"name":"wp","href":"https:\/\/api.w.org\/{rel}","templated":true}]}}