{"id":11,"date":"2023-06-23T16:14:00","date_gmt":"2023-06-23T13:14:00","guid":{"rendered":"https:\/\/www.demir-servis.com\/?page_id=11"},"modified":"2024-12-20T10:47:44","modified_gmt":"2024-12-20T07:47:44","slug":"anasayfa","status":"publish","type":"page","link":"https:\/\/www.demir-servis.com\/","title":{"rendered":"Anasayfa"},"content":{"rendered":"<p><strong>Demir Grup<\/strong> olarak, beyaz e\u015fya ar\u0131za, bak\u0131m-onar\u0131m, par\u00e7a de\u011fi\u015fimi, ar\u0131za tespiti, yedek par\u00e7a temini ve sistem testleri gibi hizmetlerde uzmanla\u015fm\u0131\u015f teknik kadromuzla hizmet sunuyoruz.<\/p>\n<p>Deneyimli ve profesyonel teknik ekibimiz sayesinde, Ankara merkez ve t\u00fcm il\u00e7elerinde (\u00c7ankaya, Ke\u00e7i\u00f6ren, Mamak, Yenimahalle, Alt\u0131nda\u011f, Pursaklar, Etimesgut) g\u00fcvenilir ve h\u0131zl\u0131 \u00e7\u00f6z\u00fcmler \u00fcretiyoruz.<\/p>\n<p>Beyaz e\u015fya teknik servis hizmetlerimizi m\u00fc\u015fteri memnuniyetini \u00f6n planda tutarak, kaliteli i\u015f\u00e7ilik ve orijinal yedek par\u00e7a garantisiyle ger\u00e7ekle\u015ftiriyoruz. Siz de beyaz e\u015fyan\u0131z\u0131n tamir, bak\u0131m veya onar\u0131m ihtiya\u00e7lar\u0131 i\u00e7in bize g\u00fcvenebilirsiniz.<\/p>\n<p>H\u0131zl\u0131, g\u00fcvenilir ve profesyonel bir \u00e7\u00f6z\u00fcm ar\u0131yorsan\u0131z, <strong>Demir Grup Teknik Servis<\/strong> yan\u0131n\u0131zda!<\/p>\n<p><strong>Servisimiz;<\/strong><\/p>\n<p><strong>Kombi<\/strong><br \/>\n<strong>Klima<\/strong><br \/>\n<strong>Buzdolab\u0131<\/strong><br \/>\n<strong>\u00c7ama\u015f\u0131r Makinesi<\/strong><br \/>\n<strong>Bula\u015f\u0131k Makinesi<\/strong><br \/>\n<strong>F\u0131r\u0131n <\/strong>gibi \u00fcr\u00fcnlere hizmet vermektedir.<br \/>\nProfesyonel Ekibimiz belirtilen \u00fcr\u00fcnlere h\u0131zl\u0131, kaliteli ve garantili bir \u015fekilde hizmet vermektedir.<\/p>\n","protected":false},"excerpt":{"rendered":"<p>Demir Grup olarak, beyaz e\u015fya ar\u0131za, bak\u0131m-onar\u0131m, par\u00e7a de\u011fi\u015fimi, ar\u0131za tespiti, yedek par\u00e7a temini ve sistem testleri gibi hizmetlerde uzmanla\u015fm\u0131\u015f teknik kadromuzla hizmet sunuyoruz. Deneyimli ve profesyonel teknik ekibimiz sayesinde, Ankara merkez ve t\u00fcm il\u00e7elerinde (\u00c7ankaya, Ke\u00e7i\u00f6ren, Mamak, Yenimahalle, Alt\u0131nda\u011f, Pursaklar, Etimesgut) g\u00fcvenilir ve h\u0131zl\u0131 \u00e7\u00f6z\u00fcmler \u00fcretiyoruz. Beyaz e\u015fya teknik servis hizmetlerimizi m\u00fc\u015fteri memnuniyetini \u00f6n [&hellip;]<\/p>\n","protected":false},"author":1,"featured_media":0,"parent":0,"menu_order":0,"comment_status":"closed","ping_status":"closed","template":"","meta":{"_monsterinsights_skip_tracking":false,"_monsterinsights_sitenote_active":false,"_monsterinsights_sitenote_note":"","_monsterinsights_sitenote_category":0},"aioseo_notices":[],"acf":[],"_links":{"self":[{"href":"https:\/\/www.demir-servis.com\/index.php?rest_route=\/wp\/v2\/pages\/11"}],"collection":[{"href":"https:\/\/www.demir-servis.com\/index.php?rest_route=\/wp\/v2\/pages"}],"about":[{"href":"https:\/\/www.demir-servis.com\/index.php?rest_route=\/wp\/v2\/types\/page"}],"author":[{"embeddable":true,"href":"https:\/\/www.demir-servis.com\/index.php?rest_route=\/wp\/v2\/users\/1"}],"replies":[{"embeddable":true,"href":"https:\/\/www.demir-servis.com\/index.php?rest_route=%2Fwp%2Fv2%2Fcomments&post=11"}],"version-history":[{"count":5,"href":"https:\/\/www.demir-servis.com\/index.php?rest_route=\/wp\/v2\/pages\/11\/revisions"}],"predecessor-version":[{"id":63,"href":"https:\/\/www.demir-servis.com\/index.php?rest_route=\/wp\/v2\/pages\/11\/revisions\/63"}],"wp:attachment":[{"href":"https:\/\/www.demir-servis.com\/index.php?rest_route=%2Fwp%2Fv2%2Fmedia&parent=11"}],"curies":[{"name":"wp","href":"https:\/\/api.w.org\/{rel}","templated":true}]}}